{"id":1208,"date":"2021-11-14T20:21:00","date_gmt":"2021-11-14T19:21:00","guid":{"rendered":"https:\/\/hetuur.nl\/?post_type=product&#038;p=1208"},"modified":"2025-04-02T12:02:17","modified_gmt":"2025-04-02T11:02:17","slug":"300ma","status":"publish","type":"product","link":"https:\/\/hetuur.nl\/en\/product\/300ma\/","title":{"rendered":"300mA\u00a0pulsgever"},"content":{"rendered":"<p>Geschikt voor elektrische dochterklokken van de Engelse uurwerkmakers <strong>Synchronome<\/strong>, <strong>E.C.S.<\/strong> en <strong>Smiths<\/strong> (Smiths English Clocks Ltd, London).<\/p>\n<ul>\n<li>For one or two clocks (double-sided clock)<\/li>\n<li>Voeding: DC Jack \u00f3f micro-USB aansluiting<\/li>\n<li>Geen voorschakel- of afstelweerstand nodig<\/li>\n<\/ul>\n<p>De 300mA pulsgever (<em>Impuls Driver<\/em>) geeft pulsen met een vaste stroomsterkte van 300 milliamp\u00e8re. Standaard \u00e9\u00e9n unipolaire puls elke 30 seconden. Deze uurwerken verbruiken soms veel stroom en zijn daardoor niet altijd geschikt om op batterijen te werken.<\/p>\n<p>De pulsgever synchroniseert niet automatisch met een externe bron zoals DCF of GPS, en wordt dus met de hand op tijd gezet. Met de knop kunnen hiervoor pulsen gegeven worden.<\/p>\n<h4>Pulsen<\/h4>\n<p>Met de elektronica op de pulsgever wordt de stroomsterkte automatisch afgeregeld. Hierdoor is een voorschakel- of afstelweerstand niet nodig. Met deze vaste stroom is juist de spanning weer variabel geworden. Deze is afhankelijk van het uurwerk, maar bijvoorbeeld ook van de weerstand in de bedrading. Het voltage krijgt geheel automatisch de juiste waarde.<\/p>\n<p>Standaard heeft de 3000mA pulsgever onderstaande configuratie, afgestemd voor dit type uurwerk:<\/p>\n<ul>\n<li>Pulspolariteit: <strong>Niet-alternerend<\/strong> (uni-polair)<\/li>\n<li>Pulsfrequentie: 1 puls per <strong>30 seconden<\/strong> (of 1 per seconde)<\/li>\n<li>Pulslengte: <strong>50, 100, 150, 300<\/strong> milliseconden (small)<\/li>\n<\/ul>\n<p>Bovenstaande is passend voor het overgrote meerderheid van Synchronome, ECS en Smiths uurwerken.<\/p>\n<h3>Battery's<\/h3>\n<p>Door het relatief hoge stroomverbruik gaat de batterijen met deze uurwerken vrij snel leeg. Toch op batterijen laten werken?<\/p>\n<ul>\n<li>Gebruik de <strong>kortste pulslengte<\/strong> op de pulsgever. Hoe korter de puls actief is, hoe minder stroom er verbruikt wordt<\/li>\n<li>Kijk het uurwerk goed na. Zorg dat het <strong>soepel loopt<\/strong> en de veer niet onnodig strak afgesteld staat<\/li>\n<\/ul>\n<p>We kunnen helaas geen garantie geven van de minimale levensduur van een set batterijen.<\/p>\n<h3>Uurwerk nog goed?<\/h3>\n<p>Meet met een <strong>multimeter<\/strong> de weerstand van een uurwerk voor een indicatie of deze nog goed is:<\/p>\n<ul>\n<li>Een Synchronome (of vergelijkbaar) uurwerk zal een weerstand van rond de <strong>3 \u00e1 7 \u2126<\/strong> (ohm) meten.<\/li>\n<li>Meet <strong>zonder<\/strong> dat het uurwerk elektrisch aangesloten is.<\/li>\n<li>Zeer lage waarde (richting 0) duidt op een kortsluiting, waarschijnlijk in de spoel.<\/li>\n<li>Een dubbelzijdige klok meet ook 2x de weerstandswaarde, doordat de uurwerken in serie staan.<\/li>\n<\/ul>\n<h3>Dubbelsided clock<\/h3>\n<p>The <span class=\"highlight\">300mA pulse driver<\/span> geeft stroomgestuurde pulsen, meerdere uurwerken dienen hierdoor <strong>in serie<\/strong> aangesloten te worden op de pulsgever.<\/p>\n<div class=\"serieel\" style=\"max-width: 500px;margin-top: 20px\"><\/div>","protected":false},"excerpt":{"rendered":"<p>The <span class=\"highlight\">300mA pulse driver<\/span> geeft pulsen met een vaste stroomsterkte van 300 milliamp\u00e8re. Standaard \u00e9\u00e9n unipolaire puls elke 30 seconden.<\/p>\n<ul>\n<li>Including connection terminals<\/li>\n<li>Included Velcro for attachment<\/li>\n<li>Inclusief batterijdoos voor 4x 1,5V AA (excl. batterijen)*<\/li>\n<\/ul>\n<p>*) Deze uurwerken verbruiken soms veel stroom en zijn daardoor niet altijd geschikt om (lang) op batterijen te werken.<\/p>\n<p>Optioneel kan gekozen worden voor een <a href=\"\/product\/batterijdoos-4xc-cell\/\">grotere batterijendoos met C batterijen<\/a> in plaats van de AA batterijenhouder. Of gebruik geen batterijen en sluit de pulsgever aan met een <a href=\"\/handleiding\/voeding\/\">stekkeradapter<\/a>.<\/p>","protected":false},"featured_media":1402,"template":"","meta":{"_et_pb_use_builder":"off","_et_pb_old_content":"Geschikt voor elektrische dochterklokken van de Engelse uurwerkmakers <strong>Synchronome<\/strong>, <strong>E.C.S.<\/strong> en <strong>Smiths<\/strong> (Smiths English Clocks Ltd, London).\r\n<ul>\r\n \t<li>Voor \u00e9\u00e9n of twee uurwerken (dubbelzijdige klok)<\/li>\r\n \t<li>Voeding: DC Jack \u00e9n micro-USB aansluiting<\/li>\r\n \t<li>Geen voorschakel- of afstelweerstand nodig<\/li>\r\n<\/ul>\r\nDe pulsgever synchroniseert niet automatisch met een externe bron zoals DCF of GPS, en wordt dus met de hand op tijd gezet. Met de knop kunnen hiervoor pulsen gegeven worden.\r\n<h4>Pulsen<\/h4>\r\nDe <span class=\"highlight\">300mA pulsgever<\/span> wordt geleverd met deze <strong>puls<\/strong>configuratie:\r\n<ul>\r\n \t<li>Pulspolariteit: <strong>Niet-alternerend<\/strong> (uni-polair)<\/li>\r\n \t<li>Pulsfrequentie: 1 puls per <strong>30 seconden<\/strong> (of 1 per seconde)<\/li>\r\n \t<li>Pulslengte: <strong>50, 100, 150, 300<\/strong> milliseconden (small)<\/li>\r\n<\/ul>\r\nBovenstaande is afgestemd voor de uurwerken van Synchronome.\r\n<blockquote>Een afwijkende configuratie nodig? Kies dan de\u00a0<a href=\"\/product\/300ma-pulsconfiguratie\/\">configureerbare 330mA pulsgever<\/a> en pas de <a href=\"\/pulsgevers\/configuratie\/\">configuratie <\/a>naar wens aan. Achteraf toch een andere pulsconfiguratie nodig? Dit kan altijd nog via het speciale instellingen-menu aangepast worden, we helpen hier graag bij als dan gewenst is.<\/blockquote>\r\n<h3>Batterijen<\/h3>\r\nDoor het relatief hoge stroomverbruik gaat de batterijen met deze uurwerken vrij snel leeg. Toch op batterijen laten werken?\r\n<ul>\r\n \t<li>Gebruik de <strong>kortste pulslengte<\/strong> op de pulsgever. Hoe korter de puls actief is, hoe minder stroom er verbruikt wordt<\/li>\r\n \t<li>Kijk het uurwerk goed na. Zorg dat het <strong>soepel loopt<\/strong> en de veer niet onnodig strak afgesteld staat<\/li>\r\n<\/ul>\r\nWe kunnen helaas geen garantie geven van de minimale levensduur van een set batterijen.","_et_gb_content_width":"","iawp_total_views":111},"product_brand":[],"product_cat":[47],"product_tag":[59,61,58],"class_list":{"0":"post-1208","1":"product","2":"type-product","3":"status-publish","4":"has-post-thumbnail","6":"product_cat-pulsgevers","7":"product_tag-300ma","8":"product_tag-smiths","9":"product_tag-synchronome","11":"first","12":"outofstock","13":"taxable","14":"shipping-taxable","15":"purchasable","16":"product-type-variable","17":"has-default-attributes"},"jetpack_sharing_enabled":true,"_links":{"self":[{"href":"https:\/\/hetuur.nl\/en\/wp-json\/wp\/v2\/product\/1208","targetHints":{"allow":["GET"]}}],"collection":[{"href":"https:\/\/hetuur.nl\/en\/wp-json\/wp\/v2\/product"}],"about":[{"href":"https:\/\/hetuur.nl\/en\/wp-json\/wp\/v2\/types\/product"}],"wp:featuredmedia":[{"embeddable":true,"href":"https:\/\/hetuur.nl\/en\/wp-json\/wp\/v2\/media\/1402"}],"wp:attachment":[{"href":"https:\/\/hetuur.nl\/en\/wp-json\/wp\/v2\/media?parent=1208"}],"wp:term":[{"taxonomy":"product_brand","embeddable":true,"href":"https:\/\/hetuur.nl\/en\/wp-json\/wp\/v2\/product_brand?post=1208"},{"taxonomy":"product_cat","embeddable":true,"href":"https:\/\/hetuur.nl\/en\/wp-json\/wp\/v2\/product_cat?post=1208"},{"taxonomy":"product_tag","embeddable":true,"href":"https:\/\/hetuur.nl\/en\/wp-json\/wp\/v2\/product_tag?post=1208"}],"curies":[{"name":"wp","href":"https:\/\/api.w.org\/{rel}","templated":true}]}}