{"id":1206,"date":"2021-11-14T20:14:56","date_gmt":"2021-11-14T19:14:56","guid":{"rendered":"https:\/\/hetuur.nl\/?post_type=product&#038;p=1206"},"modified":"2025-06-22T11:07:49","modified_gmt":"2025-06-22T10:07:49","slug":"55ma","status":"publish","type":"product","link":"https:\/\/hetuur.nl\/en\/product\/55ma\/","title":{"rendered":"55mA\u00a0pulsgever"},"content":{"rendered":"<p>Geschikt voor elektrische dochterklokken van <span class=\"badge bg-warning\">Brilli\u00e9<\/span> <span class=\"badge bg-warning\">ATO<\/span> <span class=\"badge bg-warning\">Charvet-Delorme<\/span><\/p>\n<ul>\n<li>For one or two clocks (double-sided clock)<\/li>\n<li>Met DC Jack \u00e9n micro-USB aansluiting voor de voeding<\/li>\n<li>55mA pulsen met variabel voltage tussen 0,9 en 3,5 volt (geheel automatisch)<\/li>\n<li>Geen voorschakel- of afstelweerstand nodig<\/li>\n<\/ul>\n<p>Deze uurwerken verbruiken wening stroom en zijn daarom zeer geschikt om op batterijen te werken.<\/p>\n<h3>Pulsen<\/h3>\n<p>Met de elektronica op de pulsgever wordt de 55mA stroomsterkte automatisch afgeregeld. Hierdoor is een voorschakel- of afstelweerstand niet nodig. Met deze vaste stroom is juist de spanning weer variabel geworden. Deze is afhankelijk van het uurwerk, maar bijvoorbeeld ook van de weerstand in de bedrading. Het voltage krijgt geheel automatisch de juiste waarde.<\/p>\n<p>Standaard heeft een <span class=\"highlight\">55mA pulse driver<\/span> onderstaande configuratie, dit voldoet in vrijwel alle gevallen:<\/p>\n<ul>\n<li>Pulspolariteit: <strong>Alternating <\/strong>(bipolair)<\/li>\n<li>Pulsfrequentie: <strong>1 puls per 30 seconden (<\/strong>of 1 per seconde)<\/li>\n<li>Pulslengte: <strong>50, 100, 150, 300<\/strong> milliseconden (<em>small<\/em>)<\/li>\n<\/ul>\n<p>Kijk bij <em>opties configuratie<\/em> voor alle mogelijkheden.<\/p>\n<h3>Uurwerk nog goed?<\/h3>\n<p>Meet met een <strong>multimeter<\/strong> de weerstand van een uurwerk voor een indicatie of deze nog goed is:<\/p>\n<ul>\n<li>Een Brilli\u00e9 (of vergelijkbaar) uurwerk zal een weerstand van zo&#8217;n <strong>5<\/strong> tot <strong>10 \u2126<\/strong> (ohm) meten.<\/li>\n<li>Meet <strong>zonder<\/strong> dat het uurwerk elektrisch aangesloten is.<\/li>\n<li>Zeer lage waarde (richting 0) duidt op een kortsluiting, waarschijnlijk in de spoel.<\/li>\n<li>Een dubbelzijdige klok meet ook 2x de weerstandswaarde, doordat de uurwerken in serie staan.<\/li>\n<\/ul>\n<h3>Dubbelsided clock<\/h3>\n<p>The <span class=\"highlight\">55mA pulse driver<\/span> geeft stroomgestuurde pulsen, meerdere uurwerken dienen hierdoor <strong>in serie<\/strong> aangesloten te worden op de pulsgever.<\/p>\n<div class=\"serieel\" style=\"max-width: 500px;margin-top: 20px\"><\/div>","protected":false},"excerpt":{"rendered":"<p>The <span class=\"highlight\">55mA pulse driver<\/span> geeft pulsen met een vaste stroomsterkte van 55 m<span class=\"module__title__link\">illiamp\u00e8re. Standaard \u00e9\u00e9n puls elke 30 seconden.<\/span><\/p>\n<ul>\n<li>Includes battery box for 4x 1.5V AA batteries (batteries not included)<\/li>\n<li>Including connection terminals<\/li>\n<li>Included Velcro for attachment<\/li>\n<\/ul>","protected":false},"featured_media":1412,"template":"","meta":{"_et_pb_use_builder":"off","_et_pb_old_content":"Geschikt voor elektrische dochterklokken van <span class=\"badge bg-warning\">Brilli\u00e9<\/span> <span class=\"badge bg-warning\">ATO<\/span> <span class=\"badge bg-warning\">Charvet-Delorme<\/span>\r\n<ul>\r\n \t<li>Voor \u00e9\u00e9n of twee uurwerken (dubbelzijdige klok)<\/li>\r\n \t<li>Met DC Jack \u00e9n micro-USB aansluiting voor de voeding<\/li>\r\n \t<li>55mA pulsen met variabel voltage tussen 0,9 en 3,5 volt (geheel automatisch)<\/li>\r\n \t<li>Geen voorschakel- of afstelweerstand nodig<\/li>\r\n<\/ul>\r\nDeze uurwerken verbruiken wening stroom en zijn daarom zeer geschikt om op batterijen te werken.\r\n<h3>Pulsen<\/h3>\r\nMet de elektronica op de pulsgever wordt de 55mA stroomsterkte automatisch afgeregeld. Hierdoor is een voorschakel- of afstelweerstand niet nodig. Met deze vaste stroom is juist de spanning weer variabel geworden. Deze is afhankelijk van het uurwerk, maar bijvoorbeeld ook van de weerstand in de bedrading. Het voltage krijgt geheel automatisch de juiste waarde.\r\n\r\nStandaard heeft een <span class=\"highlight\">55mA pulsgever<\/span> onderstaande configuratie, dit voldoet in vrijwel alle gevallen:\r\n<ul>\r\n \t<li>Pulspolariteit: <strong>Alternerend <\/strong>(bipolair)<\/li>\r\n \t<li>Pulsfrequentie: <strong>1 puls per 30 seconden (<\/strong>of 1 per seconde)<\/li>\r\n \t<li>Pulslengte: <strong>50, 100, 150, 300<\/strong> milliseconden (<em>small<\/em>)<\/li>\r\n<\/ul>\r\nKijk bij <em>opties configuratie<\/em> voor alle mogelijkheden.\r\n<h3>Uurwerk nog goed?<\/h3>\r\nMeet met een <strong>multimeter<\/strong> de weerstand van een uurwerk voor een indicatie of deze nog goed is:\r\n<ul>\r\n \t<li>Een Brilli\u00e9 (of vergelijkbaar) uurwerk zal een weerstand van zo'n <strong>5<\/strong> tot <strong>10 \u2126<\/strong> (ohm) meten.<\/li>\r\n \t<li>Meet <strong>zonder<\/strong> dat het uurwerk elektrisch aangesloten is.<\/li>\r\n \t<li>Zeer lage waarde (richting 0) duidt op een kortsluiting, waarschijnlijk in de spoel.<\/li>\r\n \t<li>Een dubbelzijdige klok meet ook 2x de weerstandswaarde, doordat de uurwerken in serie staan.<\/li>\r\n<\/ul>\r\n<h3>Dubbelzijdige klok<\/h3>\r\nDe <span class=\"highlight\">55mA pulsgever<\/span> geeft stroomgestuurde pulsen, meerdere uurwerken dienen hierdoor <strong>in serie<\/strong> aangesloten te worden op de pulsgever.\r\n<div class=\"serieel\" style=\"max-width: 500px;margin-top: 20px\"><\/div>","_et_gb_content_width":"","iawp_total_views":191},"product_brand":[],"product_cat":[47],"product_tag":[],"class_list":{"0":"post-1206","1":"product","2":"type-product","3":"status-publish","4":"has-post-thumbnail","6":"product_cat-pulsgevers","8":"first","9":"outofstock","10":"taxable","11":"shipping-taxable","12":"purchasable","13":"product-type-variable","14":"has-default-attributes"},"jetpack_sharing_enabled":true,"_links":{"self":[{"href":"https:\/\/hetuur.nl\/en\/wp-json\/wp\/v2\/product\/1206","targetHints":{"allow":["GET"]}}],"collection":[{"href":"https:\/\/hetuur.nl\/en\/wp-json\/wp\/v2\/product"}],"about":[{"href":"https:\/\/hetuur.nl\/en\/wp-json\/wp\/v2\/types\/product"}],"wp:featuredmedia":[{"embeddable":true,"href":"https:\/\/hetuur.nl\/en\/wp-json\/wp\/v2\/media\/1412"}],"wp:attachment":[{"href":"https:\/\/hetuur.nl\/en\/wp-json\/wp\/v2\/media?parent=1206"}],"wp:term":[{"taxonomy":"product_brand","embeddable":true,"href":"https:\/\/hetuur.nl\/en\/wp-json\/wp\/v2\/product_brand?post=1206"},{"taxonomy":"product_cat","embeddable":true,"href":"https:\/\/hetuur.nl\/en\/wp-json\/wp\/v2\/product_cat?post=1206"},{"taxonomy":"product_tag","embeddable":true,"href":"https:\/\/hetuur.nl\/en\/wp-json\/wp\/v2\/product_tag?post=1206"}],"curies":[{"name":"wp","href":"https:\/\/api.w.org\/{rel}","templated":true}]}}