{"id":1205,"date":"2021-11-14T20:11:45","date_gmt":"2021-11-14T19:11:45","guid":{"rendered":"https:\/\/hetuur.nl\/?post_type=product&#038;p=1205"},"modified":"2025-04-02T12:02:24","modified_gmt":"2025-04-02T11:02:24","slug":"220ma","status":"publish","type":"product","link":"https:\/\/hetuur.nl\/en\/product\/220ma\/","title":{"rendered":"220mA\u00a0pulsgever"},"content":{"rendered":"<p>Geschikt voor elektrische dochterklokken van de Engelse uurwerkmaker <strong>Gents<\/strong> (Gent of Leicester Electric clock system). Dikwijls kunnen ook de <em>slave clocks<\/em> van het Engelse <strong>Magneta<\/strong> hiermee aangestuurd worden.<\/p>\n<ul>\n<li>For one or two clocks (double-sided clock)<\/li>\n<li>Power supply: DC jack and micro-USB connection.<\/li>\n<li>Geen voorschakel- of afstelweerstand nodig<\/li>\n<\/ul>\n<p>De 220mA pulsgever (<em>Impuls Driver<\/em>) geeft pulsen met een vaste stroomsterkte van 220 milliamp\u00e8re. Standaard \u00e9\u00e9n unipolaire puls elke 30 seconden. Deze uurwerken verbruiken soms veel stroom en zijn daardoor niet altijd geschikt om op batterijen te werken.<\/p>\n<p>De pulsgever synchroniseert niet automatisch met een externe bron zoals DCF of GPS, en wordt dus met de hand op tijd gezet. Met de knop kunnen hiervoor pulsen gegeven worden.<\/p>\n<h4>Pulsen<\/h4>\n<p>Met de elektronica op de pulsgever wordt de stroomsterkte automatisch afgeregeld. Hierdoor is een voorschakel- of afstelweerstand niet nodig. Met deze vaste stroom is juist de spanning weer variabel geworden. Deze is afhankelijk van het uurwerk, maar bijvoorbeeld ook van de weerstand in de bedrading. Het voltage krijgt geheel automatisch de juiste waarde.<\/p>\n<p>Standaard heeft de 220mA pulsgever onderstaande configuratie afgestemd voor Gents uurwerken:<\/p>\n<ul>\n<li>Pulspolariteit: <strong>Niet-alternerend<\/strong> (uni-polair)<\/li>\n<li>Pulsfrequentie: 1 puls per <strong>30 seconden<\/strong> (of 1 per seconde)<\/li>\n<li>Pulslengte: <strong>50, 100, 150, 300<\/strong> milliseconden (small)<\/li>\n<\/ul>\n<p>Kijk bij &#8216;opties configuratie&#8217; voor alle mogelijkheden.<\/p>\n<h3>Battery's<\/h3>\n<p>Door het relatief hoge stroomverbruik gaat de batterijen met deze uurwerken vrij snel leeg. Echter, met wat zorg een aandacht kunnen de batterijen toch minimaal een jaar meegaan.<\/p>\n<ul>\n<li>Gebruik de <strong>kortste pulslengte<\/strong> op de pulsgever. Hoe korter de puls actief is, hoe minder stroom er verbruikt wordt<\/li>\n<li>Kijk het uurwerk goed na. Zorg dat het <strong>soepel loopt<\/strong> en de veer niet onnodig strak afgesteld staat<\/li>\n<\/ul>\n<h3>Uurwerk nog goed?<\/h3>\n<p>Meet met een <strong>multimeter<\/strong> de weerstand van een uurwerk voor een indicatie of deze nog goed is:<\/p>\n<ul>\n<li>Een Gents (of vergelijkbaar) uurwerk zal een weerstand van rond de <strong>3 a 5 \u2126<\/strong> (ohm) meten.<\/li>\n<li>Meet <strong>zonder<\/strong> dat het uurwerk elektrisch aangesloten is.<\/li>\n<li>Zeer lage waarde (richting 0) duidt op een kortsluiting, waarschijnlijk in de spoel.<\/li>\n<li>Een dubbelzijdige klok meet ook 2x de weerstandswaarde, doordat de uurwerken in serie staan.<\/li>\n<\/ul>\n<h3>Dubbelsided clock<\/h3>\n<p>The <span class=\"highlight\">220mA pulse driver<\/span> geeft stroomgestuurde pulsen, meerdere uurwerken dienen hierdoor <strong>in serie<\/strong> aangesloten te worden op de pulsgever.<\/p>\n<div class=\"serieel\" style=\"max-width: 500px;margin-top: 20px\"><\/div>","protected":false},"excerpt":{"rendered":"<p>The <span class=\"highlight\">220mA pulse driver<\/span> geeft unipolaire pulsen met een vaste stroomsterkte van 220 m<span class=\"module__title__link\">illiamp\u00e8re. Standaard \u00e9\u00e9n puls elke 30 seconden. <\/span><\/p>\n<ul>\n<li>Including connection terminals<\/li>\n<li>Included Velcro for attachment<\/li>\n<li>Inclusief batterijdoos voor 4x 1,5V AA (excl. batterijen)*<\/li>\n<\/ul>\n<div>\n<p>*) Deze uurwerken verbruiken soms veel stroom en zijn daardoor niet altijd geschikt om op batterijen te werken. Optioneel kan gekozen worden voor een <a href=\"\/product\/batterijdoos-4xc-cell\/\">grotere batterijdoos voor 4xC batterijen<\/a>\u00a0in plaats van de 4xAA batterijenhouder<\/p>\n<\/div>","protected":false},"featured_media":1400,"template":"","meta":{"_et_pb_use_builder":"off","_et_pb_old_content":"Geschikt voor elektrische dochterklokken van de Engelse uurwerkmaker Gents (Gent of Leicester Electric clock system).\r\n<ul>\r\n \t<li>Voor \u00e9\u00e9n of twee uurwerken (dubbelzijdige klok)<\/li>\r\n \t<li>Voeding: DC Jack \u00e9n micro-USB aansluiting<\/li>\r\n \t<li>Inclusief batterijdoos: 4x 1,5V AA (excl. batterijen)<\/li>\r\n<\/ul>\r\nDe 220mA pulsgever geeft unipolaire pulsen met een vaste stroomsterkte van 220 milliamp\u00e8re. Standaard \u00e9\u00e9n puls elke 30 seconden. Deze uurwerken verbruiken soms veel stroom en zijn daardoor niet altijd geschikt om op batterijen te werken.\r\n\r\nDe pulsgever synchroniseert niet automatisch met een externe bron zoals DCF of GPS, en wordt dus met de hand op tijd gezet. Met de knop kunnen hiervoor pulsen gegeven worden.\r\nPulsen\r\n<h4>Pulsen<\/h4>\r\nStandaard heeft de 220mA pulsgever onderstaande configuratie afgestemd voor Gents uurwerken:\r\n<ul>\r\n \t<li>Pulspolariteit: Niet-alternerend (uni-polair)<\/li>\r\n \t<li>Pulsfrequentie: 1 puls per 30 seconden (of 1 per seconde)<\/li>\r\n \t<li>Pulslengte: 50, 100, 150, 300 milliseconden (small)<\/li>\r\n<\/ul>\r\nKijk bij 'opties configuratie' voor alle mogelijkheden.","_et_gb_content_width":"","iawp_total_views":149},"product_brand":[],"product_cat":[47],"product_tag":[55,54],"class_list":{"0":"post-1205","1":"product","2":"type-product","3":"status-publish","4":"has-post-thumbnail","6":"product_cat-pulsgevers","7":"product_tag-220ma","8":"product_tag-gent","10":"first","11":"outofstock","12":"taxable","13":"shipping-taxable","14":"purchasable","15":"product-type-variable","16":"has-default-attributes"},"jetpack_sharing_enabled":true,"_links":{"self":[{"href":"https:\/\/hetuur.nl\/en\/wp-json\/wp\/v2\/product\/1205","targetHints":{"allow":["GET"]}}],"collection":[{"href":"https:\/\/hetuur.nl\/en\/wp-json\/wp\/v2\/product"}],"about":[{"href":"https:\/\/hetuur.nl\/en\/wp-json\/wp\/v2\/types\/product"}],"wp:featuredmedia":[{"embeddable":true,"href":"https:\/\/hetuur.nl\/en\/wp-json\/wp\/v2\/media\/1400"}],"wp:attachment":[{"href":"https:\/\/hetuur.nl\/en\/wp-json\/wp\/v2\/media?parent=1205"}],"wp:term":[{"taxonomy":"product_brand","embeddable":true,"href":"https:\/\/hetuur.nl\/en\/wp-json\/wp\/v2\/product_brand?post=1205"},{"taxonomy":"product_cat","embeddable":true,"href":"https:\/\/hetuur.nl\/en\/wp-json\/wp\/v2\/product_cat?post=1205"},{"taxonomy":"product_tag","embeddable":true,"href":"https:\/\/hetuur.nl\/en\/wp-json\/wp\/v2\/product_tag?post=1205"}],"curies":[{"name":"wp","href":"https:\/\/api.w.org\/{rel}","templated":true}]}}