{"id":880,"date":"2021-10-01T13:09:40","date_gmt":"2021-10-01T12:09:40","guid":{"rendered":"https:\/\/hetuur.nl\/?page_id=880"},"modified":"2022-07-31T14:41:03","modified_gmt":"2022-07-31T13:41:03","slug":"configuratie","status":"publish","type":"page","link":"https:\/\/hetuur.nl\/en\/handleiding\/configuratie\/","title":{"rendered":"Pulse configuration"},"content":{"rendered":"<p>[et_pb_section fb_built=&#8221;1&#8243; admin_label=&#8221;Hero Section&#8221; _builder_version=&#8221;4.16&#8243; use_background_color_gradient=&#8221;on&#8221; background_color_gradient_direction=&#8221;146deg&#8221; background_color_gradient_stops=&#8221;#065699 0%|#4c7299 100%&#8221; background_color_gradient_start=&#8221;#065699&#8243; background_color_gradient_end=&#8221;#4c7299&#8243; min_height=&#8221;300px&#8221; custom_margin=&#8221;||||false|false&#8221; custom_margin_tablet=&#8221;&#8221; custom_margin_phone=&#8221;&#8221; custom_margin_last_edited=&#8221;on|phone&#8221; custom_padding=&#8221;||||false|false&#8221; global_colors_info=&#8221;{}&#8221;][et_pb_row _builder_version=&#8221;4.16&#8243; background_size=&#8221;initial&#8221; background_position=&#8221;top_left&#8221; background_repeat=&#8221;repeat&#8221; global_colors_info=&#8221;{}&#8221;][et_pb_column type=&#8221;4_4&#8243; _builder_version=&#8221;4.16&#8243; custom_padding=&#8221;|||&#8221; global_colors_info=&#8221;{}&#8221; custom_padding__hover=&#8221;|||&#8221;][et_pb_text admin_label=&#8221;Title&#8221; _builder_version=&#8221;4.16&#8243; text_font=&#8221;||||||||&#8221; header_font=&#8221;Montserrat|500|||||||&#8221; header_text_align=&#8221;center&#8221; header_font_size=&#8221;84px&#8221; background_layout=&#8221;dark&#8221; custom_margin=&#8221;||0px||false|false&#8221; animation_direction=&#8221;left&#8221; header_font_size_tablet=&#8221;50px&#8221; header_font_size_phone=&#8221;&#8221; header_font_size_last_edited=&#8221;on|phone&#8221; global_colors_info=&#8221;{}&#8221;]<\/p>\n<h1>Configuratie<\/h1>\n<p>[\/et_pb_text][et_pb_code _builder_version=&#8221;4.16&#8243; _module_preset=&#8221;default&#8221; text_orientation=&#8221;center&#8221; width=&#8221;100%&#8221; module_alignment=&#8221;center&#8221; animation_style=&#8221;bounce&#8221; global_colors_info=&#8221;{}&#8221;]<\/p>\n<h1 class=\"heroicon fas fa-clipboard-check\"><\/h1>\n<p>[\/et_pb_code][et_pb_text _builder_version=&#8221;4.16&#8243; text_font=&#8221;Montserrat|300|||||||&#8221; text_text_color=&#8221;rgba(255,255,255,0.7)&#8221; text_font_size=&#8221;20px&#8221; text_line_height=&#8221;1.8em&#8221; header_font=&#8221;||||||||&#8221; text_orientation=&#8221;center&#8221; background_layout=&#8221;dark&#8221; max_width=&#8221;700px&#8221; module_alignment=&#8221;center&#8221; custom_margin=&#8221;0px||0px||false|false&#8221; custom_padding=&#8221;||||false|false&#8221; animation_direction=&#8221;left&#8221; global_colors_info=&#8221;{}&#8221;]<\/p>\n<p>De pulsen die gemaakt worden zijn configureerbaar, de hier beschreven eigenschappen kunnen aangepast worden.<\/p>\n<p>[\/et_pb_text][\/et_pb_column][\/et_pb_row][\/et_pb_section][et_pb_section fb_built=&#8221;1&#8243; admin_label=&#8221;About Section&#8221; _builder_version=&#8221;4.16&#8243; background_color_gradient_direction=&#8221;145deg&#8221; custom_margin=&#8221;||||false|false&#8221; custom_padding=&#8221;||100px||false|false&#8221; top_divider_style=&#8221;slant&#8221; top_divider_color=&#8221;rgba(0,0,0,0.02)&#8221; top_divider_height=&#8221;60%&#8221; top_divider_flip=&#8221;horizontal&#8221; global_colors_info=&#8221;{}&#8221;][et_pb_row admin_label=&#8221;tech&#8221; module_id=&#8221;pulspolatiteit&#8221; _builder_version=&#8221;4.17.3&#8243; _module_preset=&#8221;default&#8221; global_colors_info=&#8221;{}&#8221;][et_pb_column type=&#8221;4_4&#8243; _builder_version=&#8221;4.16&#8243; _module_preset=&#8221;default&#8221; global_colors_info=&#8221;{}&#8221;][et_pb_text _builder_version=&#8221;4.16&#8243; _module_preset=&#8221;default&#8221; header_font=&#8221;||||||||&#8221; global_colors_info=&#8221;{}&#8221;]<\/p>\n<h2><span class=\"fas fa-wave-square\" style=\"margin-right: 15px;\"> <\/span>Puls<strong>polariteit<\/strong><\/h2>\n<p>[\/et_pb_text][et_pb_divider color=&#8221;#0C71C3&#8243; divider_weight=&#8221;3px&#8221; _builder_version=&#8221;4.16&#8243; _module_preset=&#8221;default&#8221; custom_margin=&#8221;-25px||0px||false|false&#8221; locked=&#8221;off&#8221; global_colors_info=&#8221;{}&#8221;][\/et_pb_divider][et_pb_text _builder_version=&#8221;4.17.6&#8243; _module_preset=&#8221;default&#8221; global_colors_info=&#8221;{}&#8221;]<\/p>\n<table style=\"width: 100%; border-collapse: collapse;\" border=\"1\">\n<tbody>\n<tr style=\"height: 24px;\">\n<td style=\"width: 50%; height: 24px;\"><strong>Alternerend<\/strong><\/td>\n<td style=\"width: 50%; height: 24px;\">Bi-polair (om en om positief-negatief)<\/td>\n<\/tr>\n<tr style=\"height: 24px;\">\n<td style=\"width: 50%; height: 24px;\"><strong>Niet-alternerend<\/strong><\/td>\n<td style=\"width: 50%; height: 24px;\">Uni-polair<\/td>\n<\/tr>\n<\/tbody>\n<\/table>\n<p>Bij een alternerende puls wordt de <em>plus<\/em> en <em>min<\/em> bij iedere opvolgende puls omgedraaid. Als de eerste puls bijvoorbeeld +24V is, dan is puls nummer twee -24V, puls drie is daarna weer +24V, enzovoorts.<\/p>\n<p>Niet-alternerende pulsen kennen deze omdraaiing niet.<\/p>\n<p>De meerderheid aan klokken werkt alternerend, met name Engelse uurwerken gebruiken standaard niet-alternerende pulsen.<\/p>\n<p>[\/et_pb_text][\/et_pb_column][\/et_pb_row][et_pb_row admin_label=&#8221;tech&#8221; module_id=&#8221;pulsfrequentie&#8221; _builder_version=&#8221;4.17.3&#8243; _module_preset=&#8221;default&#8221; global_colors_info=&#8221;{}&#8221;][et_pb_column type=&#8221;4_4&#8243; _builder_version=&#8221;4.16&#8243; _module_preset=&#8221;default&#8221; global_colors_info=&#8221;{}&#8221;][et_pb_text _builder_version=&#8221;4.16&#8243; _module_preset=&#8221;default&#8221; header_font=&#8221;||||||||&#8221; global_colors_info=&#8221;{}&#8221;]<\/p>\n<h2><span class=\"fas fa-stopwatch\" style=\"margin-right: 15px;\"><\/span>Puls<strong>frequentie<\/strong><\/h2>\n<p>[\/et_pb_text][et_pb_divider color=&#8221;#0C71C3&#8243; divider_weight=&#8221;3px&#8221; _builder_version=&#8221;4.16&#8243; _module_preset=&#8221;default&#8221; custom_margin=&#8221;-25px||0px||false|false&#8221; locked=&#8221;off&#8221; global_colors_info=&#8221;{}&#8221;][\/et_pb_divider][et_pb_text _builder_version=&#8221;4.16&#8243; _module_preset=&#8221;default&#8221; global_colors_info=&#8221;{}&#8221;]<\/p>\n<p>Een pulsgever doet: pulsen geven. Maar hoe snel achter elkaar?<\/p>\n<table style=\"border-collapse: collapse; width: 100%;\" 1=\"\">\n<tbody>\n<tr style=\"height: 24px;\">\n<td style=\"width: 50%; height: 24px;\"><strong>60 seconden<br \/><\/strong><\/td>\n<td style=\"width: 50%; height: 24px;\">E\u00e9n puls elke hele minuut<\/td>\n<\/tr>\n<tr style=\"height: 24px;\">\n<td style=\"width: 50%; height: 24px;\"><strong>30 seconden<br \/><\/strong><\/td>\n<td style=\"width: 50%; height: 24px;\">Twee pulsen per minuut<\/td>\n<\/tr>\n<tr style=\"height: 24px;\">\n<td style=\"width: 50%; height: 24px;\"><strong>15 seconden<br \/><\/strong><\/td>\n<td style=\"width: 50%; height: 24px;\">Vier pulsen per minuut<\/td>\n<\/tr>\n<tr style=\"height: 24px;\">\n<td style=\"width: 50%; height: 24px;\"><em>1 seconde *<strong><br \/><\/strong><\/em><\/td>\n<td style=\"width: 50%; height: 24px;\"><em>60 pulsen per minuut (secondeklok)<\/em><\/td>\n<\/tr>\n<\/tbody>\n<\/table>\n<p>*) Via een schakelaar op de pulsgever kan per gekozen pulslengteconfiguratie (60\/30\/15) ook altijd voor \u00e9\u00e9n puls per seconde gekozen worden. Hoe dit werk staat in de handleiding.<\/p>\n<p>[\/et_pb_text][\/et_pb_column][\/et_pb_row][et_pb_row admin_label=&#8221;tech&#8221; module_id=&#8221;pulslengte&#8221; _builder_version=&#8221;4.17.3&#8243; _module_preset=&#8221;default&#8221; global_colors_info=&#8221;{}&#8221;][et_pb_column type=&#8221;4_4&#8243; _builder_version=&#8221;4.16&#8243; _module_preset=&#8221;default&#8221; global_colors_info=&#8221;{}&#8221;][et_pb_text _builder_version=&#8221;4.16&#8243; _module_preset=&#8221;default&#8221; header_font=&#8221;||||||||&#8221; global_colors_info=&#8221;{}&#8221;]<\/p>\n<h2><span class=\"fas fa-ruler-combined\" style=\"margin-right: 15px;\"><\/span>Puls<strong>lengte<\/strong><\/h2>\n<p>[\/et_pb_text][et_pb_divider color=&#8221;#0C71C3&#8243; divider_weight=&#8221;3px&#8221; _builder_version=&#8221;4.16&#8243; _module_preset=&#8221;default&#8221; custom_margin=&#8221;-25px||0px||false|false&#8221; locked=&#8221;off&#8221; global_colors_info=&#8221;{}&#8221;][\/et_pb_divider][et_pb_text _builder_version=&#8221;4.17.6&#8243; _module_preset=&#8221;default&#8221; global_colors_info=&#8221;{}&#8221;]<\/p>\n<p>Hoe lang blijft een puls aan staan om elektrische energie door de stroomkring te sturen.<\/p>\n<p>[\/et_pb_text][et_pb_text _builder_version=&#8221;4.17.6&#8243; _module_preset=&#8221;default&#8221; global_module=&#8221;2037&#8243; saved_tabs=&#8221;all&#8221; locked=&#8221;off&#8221; global_colors_info=&#8221;{}&#8221;]<\/p>\n<table style=\"border-collapse: collapse; width: 100%; height: 240px;\" border=\"1\">\n<tbody>\n<tr style=\"background-color: #ddd;\">\n<td style=\"width: 50%;\"><strong>Set geconfigureerd<br \/><\/strong><\/td>\n<td style=\"width: 50%;\"><strong>Keuze via DIP-switch<br \/><\/strong><\/td>\n<\/tr>\n<tr style=\"height: 24px;\">\n<td style=\"width: 50%; height: 24px;\"><strong>Small<\/strong><\/td>\n<td style=\"width: 50%; height: 24px;\">50, 100, 150, 300 milliseconden<\/td>\n<\/tr>\n<tr style=\"height: 24px;\">\n<td style=\"width: 50%; height: 24px;\"><strong>Medium<\/strong><\/td>\n<td style=\"width: 50%; height: 24px;\">150, 200, 250, 300 milliseconden<\/td>\n<\/tr>\n<tr style=\"height: 24px;\">\n<td style=\"width: 50%; height: 24px;\"><strong>Large<\/strong><\/td>\n<td style=\"width: 50%; height: 24px;\">500, 700, 900, 1000 milliseconden<\/td>\n<\/tr>\n<tr style=\"height: 24px;\">\n<td style=\"width: 50%; height: 24px;\"><strong>XL<\/strong><\/td>\n<td style=\"width: 50%; height: 24px;\">1200, 1400, 1800, 2000 milliseconden<\/td>\n<\/tr>\n<tr style=\"height: 24px;\">\n<td style=\"width: 50%; height: 24px;\"><strong>XXL<\/strong><\/td>\n<td style=\"width: 50%; height: 24px;\">5, 6, 7, 8 seconden<\/td>\n<\/tr>\n<tr style=\"height: 24px;\">\n<td style=\"width: 50%; height: 24px;\"><strong>3XL<\/strong><\/td>\n<td>10, 20, 30, 40 seconden<\/td>\n<\/tr>\n<\/tbody>\n<\/table>\n<p>[\/et_pb_text][et_pb_text _builder_version=&#8221;4.17.6&#8243; _module_preset=&#8221;default&#8221; hover_enabled=&#8221;0&#8243; global_colors_info=&#8221;{}&#8221; sticky_enabled=&#8221;0&#8243;]<\/p>\n<p>Via schakelaars op de pulsgever kan steeds \u00e9\u00e9n van de waarden uit een geconfigureerde set (S t\/m 3XL) actief gezet worden. Zie de handleiding voor details.<\/p>\n<p>Hoe langer de puls, hoe meer energie geleverd wordt om de wijzers een stap te laten zetten. Iedere klok is een beetje anders en kan een andere pulslengte vereisen. Als de wijzers niet goed, of niet altijd goed vooruit gezet worden met iedere puls, verhoog dan de pulslengte.<\/p>\n<p>Een kortere pulslengte is gunstig voor de levensduur van de batterijen.<\/p>\n<p>[\/et_pb_text][\/et_pb_column][\/et_pb_row][et_pb_row admin_label=&#8221;tech&#8221; module_id=&#8221;wijzigen-basisconfiguratie&#8221; _builder_version=&#8221;4.17.6&#8243; _module_preset=&#8221;default&#8221; global_module=&#8221;2023&#8243; saved_tabs=&#8221;all&#8221; global_colors_info=&#8221;{}&#8221;][et_pb_column type=&#8221;4_4&#8243; _builder_version=&#8221;4.16&#8243; _module_preset=&#8221;default&#8221; global_colors_info=&#8221;{}&#8221;][et_pb_text _builder_version=&#8221;4.17.6&#8243; _module_preset=&#8221;default&#8221; header_font=&#8221;||||||||&#8221; global_colors_info=&#8221;{}&#8221;]<\/p>\n<h2><i class=\"fa-solid fa-wrench\"><\/i>Wijzigen basisconfiguratie<\/h2>\n<p>[\/et_pb_text][et_pb_divider color=&#8221;#0C71C3&#8243; divider_weight=&#8221;3px&#8221; _builder_version=&#8221;4.16&#8243; _module_preset=&#8221;default&#8221; custom_margin=&#8221;-25px||0px||false|false&#8221; locked=&#8221;off&#8221; global_colors_info=&#8221;{}&#8221;][\/et_pb_divider][et_pb_text _builder_version=&#8221;4.17.6&#8243; _module_preset=&#8221;default&#8221; global_colors_info=&#8221;{}&#8221;]De <strong>basisconfiguratie<\/strong> kan bij de nieuwste generatie pulsgevers aangepast worden via het <em>configuratie-menu<\/em>.<\/p>\n<ul>\n<li>Bijvoorbeeld niet \u00e9\u00e9n puls per minuut, maar \u00e9\u00e9n puls elke 30 seconden nodig? Volg het stappenplan <strong>pulsfrequentie<\/strong> aanpassen:<br \/>\n<h6><a href=\"\/handleiding\/configuratie-pulsfrequentie\/\">Wijzigen basisconfiguratie pulsfrequentie<\/a><\/h6>\n<\/li>\n<li>Langere of juist kortere pulsen nodig? Volg het stappenplan om een andere <strong>pulslengtes<\/strong> te configureren:<br \/>\n<h6><a href=\"\/handleiding\/configuratie-pulslengte\/\">Wijzigen basisconfiguratie pulslengte<\/a><\/h6>\n<\/li>\n<li>Volg onderstaand stappenplan om de <strong>polariteit<\/strong> (alterneren) van de pulsen aan te passen:<br \/>\n<h6><a href=\"\/handleiding\/configuratie-pulspolariteit\/\">Wijzigen basisconfiguratie pulspolariteit<\/a><\/h6>\n<\/li>\n<\/ul>\n<p>[\/et_pb_text][\/et_pb_column][\/et_pb_row][\/et_pb_section][et_pb_section fb_built=&#8221;1&#8243; prev_background_color=&#8221;#ffffff&#8221; _builder_version=&#8221;4.17.6&#8243; _module_preset=&#8221;default&#8221; background_color=&#8221;gcid-57846f5f-e465-4cef-a04e-59dd7b6c9fb8&#8243; top_divider_style=&#8221;slant&#8221; bottom_divider_height=&#8221;65px&#8221; locked=&#8221;off&#8221; global_colors_info=&#8221;{%22gcid-bcc7e865-d5c0-44bb-acb9-006d7158f95a%22:%91%22colorEnd%22,%22colorEnd%22%93,%22gcid-dcf4f005-4650-461f-b9d4-f963c9253d62%22:%91%22colorStart%22,%22colorStart%22%93,%22gcid-57846f5f-e465-4cef-a04e-59dd7b6c9fb8%22:%91%22background_color%22%93}&#8221;][et_pb_row _builder_version=&#8221;4.16&#8243; _module_preset=&#8221;default&#8221; custom_margin=&#8221;100px||||false|false&#8221; global_colors_info=&#8221;{}&#8221;][et_pb_column type=&#8221;4_4&#8243; _builder_version=&#8221;4.16&#8243; _module_preset=&#8221;default&#8221; global_colors_info=&#8221;{}&#8221;][et_pb_text _builder_version=&#8221;4.17.6&#8243; _module_preset=&#8221;default&#8221; background_layout=&#8221;dark&#8221; global_colors_info=&#8221;{}&#8221;]<\/p>\n<h3><i class=\"fa-solid fa-circle-question\" style=\"height: 60px; margin-bottom: 10px\"><\/i><br \/>\nPast geen van de voorgenoemde configuraties?<\/h3>\n<p>Stuur ons een bericht! We denken graag mee over een oplossing voor deze speciale klok.[\/et_pb_text][et_pb_code _builder_version=&#8221;4.16&#8243; _module_preset=&#8221;default&#8221; global_colors_info=&#8221;{}&#8221;]<script><!-- [et_pb_line_break_holder] -->  $(function() {<!-- [et_pb_line_break_holder] -->    $('#go-back-button').click(function() {<!-- [et_pb_line_break_holder] -->      history.back();<!-- [et_pb_line_break_holder] -->    });<!-- [et_pb_line_break_holder] -->  });<!-- [et_pb_line_break_holder] --><\/script>[\/et_pb_code][\/et_pb_column][\/et_pb_row][\/et_pb_section]<\/p>\n","protected":false},"excerpt":{"rendered":"<p>ConfiguratieDe pulsen die gemaakt worden zijn configureerbaar, de hier beschreven eigenschappen kunnen aangepast worden. Pulspolariteit Alternerend Bi-polair (om en om positief-negatief) Niet-alternerend Uni-polair Bij een alternerende puls wordt de plus en min bij iedere opvolgende puls omgedraaid. Als de eerste puls bijvoorbeeld +24V is, dan is puls nummer twee -24V, puls drie is daarna weer [&hellip;]<\/p>\n","protected":false},"author":2,"featured_media":0,"parent":848,"menu_order":0,"comment_status":"closed","ping_status":"closed","template":"","meta":{"_et_pb_use_builder":"on","_et_pb_old_content":"","_et_gb_content_width":"","iawp_total_views":53,"footnotes":""},"class_list":["post-880","page","type-page","status-publish","hentry"],"jetpack_sharing_enabled":true,"_links":{"self":[{"href":"https:\/\/hetuur.nl\/en\/wp-json\/wp\/v2\/pages\/880","targetHints":{"allow":["GET"]}}],"collection":[{"href":"https:\/\/hetuur.nl\/en\/wp-json\/wp\/v2\/pages"}],"about":[{"href":"https:\/\/hetuur.nl\/en\/wp-json\/wp\/v2\/types\/page"}],"author":[{"embeddable":true,"href":"https:\/\/hetuur.nl\/en\/wp-json\/wp\/v2\/users\/2"}],"replies":[{"embeddable":true,"href":"https:\/\/hetuur.nl\/en\/wp-json\/wp\/v2\/comments?post=880"}],"version-history":[{"count":48,"href":"https:\/\/hetuur.nl\/en\/wp-json\/wp\/v2\/pages\/880\/revisions"}],"predecessor-version":[{"id":2359,"href":"https:\/\/hetuur.nl\/en\/wp-json\/wp\/v2\/pages\/880\/revisions\/2359"}],"up":[{"embeddable":true,"href":"https:\/\/hetuur.nl\/en\/wp-json\/wp\/v2\/pages\/848"}],"wp:attachment":[{"href":"https:\/\/hetuur.nl\/en\/wp-json\/wp\/v2\/media?parent=880"}],"curies":[{"name":"wp","href":"https:\/\/api.w.org\/{rel}","templated":true}]}}